{"id":133,"date":"2024-03-03T21:58:13","date_gmt":"2024-03-03T20:58:13","guid":{"rendered":"https:\/\/clubphotomontargis.fr\/?page_id=133"},"modified":"2024-04-15T18:14:09","modified_gmt":"2024-04-15T16:14:09","slug":"historique-du-club","status":"publish","type":"page","link":"https:\/\/clubphotomontargis.fr\/?page_id=133","title":{"rendered":"Historique du club"},"content":{"rendered":"\n<p>Bref r\u00e9sum\u00e9 de l\u2019histoire du Club\u2026<\/p>\n\n\n\n<p>L\u2019inscription de cette association fut faite au journal officiel du 14\/09\/1951. Au d\u00e9but il n\u2019y avait ni laboratoire ni mat\u00e9riel commun. Chacun se d\u00e9brouillait qui, dans sa cuisine, dans sa salle de bains, \u00e0 la cave ou au grenier avec tous les inconv\u00e9nients dans l\u2019organisation de la vie familiale. Le Photo-Cin\u00e9-Club du G\u00e2tinais fut \u00e0 l\u2019origine un Photo-Club d\u2019entreprise qui s\u2019appela d\u2019abord Photo-Cin\u00e9-Club de Langl\u00e9e et fut fond\u00e9 le 22 ao\u00fbt 1951 par une vingtaine de photographes et cin\u00e9astes amateurs appartenant \u00e0 toutes les cat\u00e9gories professionnelles de l\u2019usine de Langl\u00e9e, &nbsp;principale usine du groupe HUTCHINSON.<\/p>\n\n\n\n<p>Des r\u00e9unions mensuelles avaient lieu, au cours desquelles chacun projetait sa propre production et d\u00e9clenchait des discussions.<\/p>\n\n\n\n<p>Peu \u00e0 peu, compte-tenu des relations personnelles des membres du groupe, des photographes et cin\u00e9astes \u00e9trangers \u00e0 l\u2019usine ont souhait\u00e9 faire partie. Au cours de la r\u00e9union du 6 mars 1952, le nom de \u00ab\u00a0Photo-Cin\u00e9-Club du Gatinais\u00a0\u00bb a \u00e9t\u00e9 cr\u00e9\u00e9.<\/p>\n\n\n\n<p>La principale activit\u00e9 de cette fin ann\u00e9e, fut l\u2019organisation du 1er Salon \u00e0 la salle des F\u00eates de Montargis les 25 et 26 octobre 1952. Le Salon d\u2019automne devint une tradition et b\u00e9n\u00e9ficia aupr\u00e8s des autorit\u00e9s de la F\u00e9d\u00e9ration des Soci\u00e9t\u00e9s Photographiques de France, la qualit\u00e9 de \u00ab\u00a0Salon National\u00a0\u00bb.<\/p>\n\n\n\n<p>En m\u00eame temps des relations fonctionnelles mais tr\u00e8s agr\u00e9able se nouaient avec la municipalit\u00e9 de MONTARGIS ainsi qu\u2019avec d\u2019autres photo clubs comme Orl\u00e9ans et Pithiviers fin 1953.La premi\u00e8re participation du club \u00e0 la coupe de France noir et blanc o\u00f9 il obtint une 33<sup>\u00e8me<\/sup> place.<\/p>\n\n\n\n<p>La participation du club aux comp\u00e9titions f\u00e9d\u00e9rales est constante depuis cette \u00e9poque avec des r\u00e9sultats plus ou moins honorables.<\/p>\n\n\n\n<p>Mai 1956 naissance de l\u2019U.R.A.P.C.O (Union R\u00e9gionale d\u2019Art photographique du centre Orl\u00e9anais) aussi d\u00e9nomm\u00e9e URCO o\u00f9 le P.C.C.G rejoint les Clubs d\u2019Orleans, Chartres, Blois, Tours, Cosne, etc.\u2026, sur demande de la F.N.S.P.F.<\/p>\n\n\n\n<p>En 1965, la municipalit\u00e9 nous fournit un local pour servir de salle de r\u00e9union et de laboratoire dans les locaux du nouveau lyc\u00e9e technique.<\/p>\n\n\n\n<p>En 1974, nouvelle installation dans les b\u00e2timents de l\u2019ancienne poste pour la cr\u00e9ation d\u2019un nouveau laboratoire correspondant aux besoins avec du mat\u00e9riel adapt\u00e9.<\/p>\n\n\n\n<p>Le P.C.C.G, lors du salon annuel en automne, qui a obtenu tr\u00e8s t\u00f4t la qualification de National, re\u00e7oit des invit\u00e9s d\u2019honneur tels que :<\/p>\n\n\n\n<p>M MASDET, DIEUZESE, STAUMINOVIK, DAVID HAMILTON, THOMAS ,etc \u2026<\/p>\n","protected":false},"excerpt":{"rendered":"<p>Bref r\u00e9sum\u00e9 de l\u2019histoire du Club\u2026 L\u2019inscription de cette association fut faite au journal officiel du 14\/09\/1951. Au d\u00e9but il n\u2019y avait ni laboratoire ni mat\u00e9riel commun. Chacun se d\u00e9brouillait qui, dans sa cuisine, dans sa salle de bains, \u00e0 la cave ou au grenier avec tous les inconv\u00e9nients dans l\u2019organisation de la vie familiale&#8230;.<\/p>\n","protected":false},"author":1,"featured_media":0,"parent":0,"menu_order":0,"comment_status":"closed","ping_status":"closed","template":"","meta":{"_kad_post_transparent":"","_kad_post_title":"","_kad_post_layout":"","_kad_post_sidebar_id":"","_kad_post_content_style":"","_kad_post_vertical_padding":"","_kad_post_feature":"","_kad_post_feature_position":"","_kad_post_header":false,"_kad_post_footer":false,"_kad_post_classname":"","footnotes":""},"class_list":["post-133","page","type-page","status-publish","hentry"],"_links":{"self":[{"href":"https:\/\/clubphotomontargis.fr\/index.php?rest_route=\/wp\/v2\/pages\/133","targetHints":{"allow":["GET"]}}],"collection":[{"href":"https:\/\/clubphotomontargis.fr\/index.php?rest_route=\/wp\/v2\/pages"}],"about":[{"href":"https:\/\/clubphotomontargis.fr\/index.php?rest_route=\/wp\/v2\/types\/page"}],"author":[{"embeddable":true,"href":"https:\/\/clubphotomontargis.fr\/index.php?rest_route=\/wp\/v2\/users\/1"}],"replies":[{"embeddable":true,"href":"https:\/\/clubphotomontargis.fr\/index.php?rest_route=%2Fwp%2Fv2%2Fcomments&post=133"}],"version-history":[{"count":5,"href":"https:\/\/clubphotomontargis.fr\/index.php?rest_route=\/wp\/v2\/pages\/133\/revisions"}],"predecessor-version":[{"id":1812,"href":"https:\/\/clubphotomontargis.fr\/index.php?rest_route=\/wp\/v2\/pages\/133\/revisions\/1812"}],"wp:attachment":[{"href":"https:\/\/clubphotomontargis.fr\/index.php?rest_route=%2Fwp%2Fv2%2Fmedia&parent=133"}],"curies":[{"name":"wp","href":"https:\/\/api.w.org\/{rel}","templated":true}]}}