{"id":1474,"date":"2024-04-12T20:12:42","date_gmt":"2024-04-12T18:12:42","guid":{"rendered":"https:\/\/clubphotomontargis.fr\/?page_id=1474"},"modified":"2024-04-14T21:53:07","modified_gmt":"2024-04-14T19:53:07","slug":"les-themes-pour-lannee-2024-sont-les-suivants","status":"publish","type":"page","link":"https:\/\/clubphotomontargis.fr\/?page_id=1474","title":{"rendered":"Les th\u00e8mes 2024"},"content":{"rendered":"<style>.kb-row-layout-id1474_ba1f1e-14 > .kt-row-column-wrap{align-content:start;}:where(.kb-row-layout-id1474_ba1f1e-14 > .kt-row-column-wrap) > .wp-block-kadence-column{justify-content:start;}.kb-row-layout-id1474_ba1f1e-14 > .kt-row-column-wrap{column-gap:var(--global-kb-gap-md, 2rem);row-gap:var(--global-kb-gap-md, 2rem);padding-top:var(--global-kb-spacing-sm, 1.5rem);padding-bottom:var(--global-kb-spacing-sm, 1.5rem);grid-template-columns:minmax(0, 1fr);}.kb-row-layout-id1474_ba1f1e-14 > .kt-row-layout-overlay{opacity:0.30;}@media all and (max-width: 1024px){.kb-row-layout-id1474_ba1f1e-14 > .kt-row-column-wrap{grid-template-columns:minmax(0, 1fr);}}@media all and (max-width: 767px){.kb-row-layout-id1474_ba1f1e-14 > .kt-row-column-wrap{grid-template-columns:minmax(0, 1fr);}}<\/style><div class=\"kb-row-layout-wrap kb-row-layout-id1474_ba1f1e-14 alignnone wp-block-kadence-rowlayout\"><div class=\"kt-row-column-wrap kt-has-1-columns kt-row-layout-equal kt-tab-layout-inherit kt-mobile-layout-row kt-row-valign-top\">\n<style>.kadence-column1474_5c63d1-10 > .kt-inside-inner-col,.kadence-column1474_5c63d1-10 > .kt-inside-inner-col:before{border-top-left-radius:0px;border-top-right-radius:0px;border-bottom-right-radius:0px;border-bottom-left-radius:0px;}.kadence-column1474_5c63d1-10 > .kt-inside-inner-col{column-gap:var(--global-kb-gap-sm, 1rem);}.kadence-column1474_5c63d1-10 > .kt-inside-inner-col{flex-direction:column;}.kadence-column1474_5c63d1-10 > .kt-inside-inner-col > .aligncenter{width:100%;}.kadence-column1474_5c63d1-10 > .kt-inside-inner-col:before{opacity:0.3;}.kadence-column1474_5c63d1-10{position:relative;}@media all and (max-width: 1024px){.kadence-column1474_5c63d1-10 > .kt-inside-inner-col{flex-direction:column;justify-content:center;}}@media all and (max-width: 767px){.kadence-column1474_5c63d1-10 > .kt-inside-inner-col{flex-direction:column;justify-content:center;}}<\/style>\n<div class=\"wp-block-kadence-column kadence-column1474_5c63d1-10\"><div class=\"kt-inside-inner-col\">\n<p class=\"has-text-align-center has-kb-palette-1-color has-text-color has-link-color has-larger-font-size wp-elements-70b4d189e8df10783aca60687a2777b5\"><strong>Concours internes 2024 <\/strong><\/p>\n<\/div><\/div>\n\n<\/div><\/div>\n\n\n<p class=\"has-medium-font-size\">Les th\u00e8mes des concours internes pour l\u2019ann\u00e9e 2024 sont les suivants\u00a0:<\/p>\n\n\n\n<ul class=\"wp-block-list\">\n<li>Courbes = jugement fin f\u00e9vrier<\/li>\n\n\n\n<li>Au ras du sol = jugement fin avril<\/li>\n\n\n\n<li>Reflets = jugement fin juin<\/li>\n\n\n\n<li>Paysage en panoramique = jugement fin aout<\/li>\n\n\n\n<li>Coucher ou lever de soleil = jugement fin octobre<\/li>\n\n\n\n<li>Cr\u00e9ativit\u00e9 = jugement fin d\u00e9cembre.<\/li>\n<\/ul>\n","protected":false},"excerpt":{"rendered":"<p>Concours internes 2024 Les th\u00e8mes des concours internes pour l\u2019ann\u00e9e 2024 sont les suivants\u00a0:<\/p>\n","protected":false},"author":1,"featured_media":0,"parent":0,"menu_order":0,"comment_status":"closed","ping_status":"closed","template":"","meta":{"_kad_post_transparent":"","_kad_post_title":"","_kad_post_layout":"","_kad_post_sidebar_id":"","_kad_post_content_style":"","_kad_post_vertical_padding":"","_kad_post_feature":"","_kad_post_feature_position":"","_kad_post_header":false,"_kad_post_footer":false,"_kad_post_classname":"","footnotes":""},"class_list":["post-1474","page","type-page","status-publish","hentry"],"_links":{"self":[{"href":"https:\/\/clubphotomontargis.fr\/index.php?rest_route=\/wp\/v2\/pages\/1474","targetHints":{"allow":["GET"]}}],"collection":[{"href":"https:\/\/clubphotomontargis.fr\/index.php?rest_route=\/wp\/v2\/pages"}],"about":[{"href":"https:\/\/clubphotomontargis.fr\/index.php?rest_route=\/wp\/v2\/types\/page"}],"author":[{"embeddable":true,"href":"https:\/\/clubphotomontargis.fr\/index.php?rest_route=\/wp\/v2\/users\/1"}],"replies":[{"embeddable":true,"href":"https:\/\/clubphotomontargis.fr\/index.php?rest_route=%2Fwp%2Fv2%2Fcomments&post=1474"}],"version-history":[{"count":5,"href":"https:\/\/clubphotomontargis.fr\/index.php?rest_route=\/wp\/v2\/pages\/1474\/revisions"}],"predecessor-version":[{"id":1753,"href":"https:\/\/clubphotomontargis.fr\/index.php?rest_route=\/wp\/v2\/pages\/1474\/revisions\/1753"}],"wp:attachment":[{"href":"https:\/\/clubphotomontargis.fr\/index.php?rest_route=%2Fwp%2Fv2%2Fmedia&parent=1474"}],"curies":[{"name":"wp","href":"https:\/\/api.w.org\/{rel}","templated":true}]}}