{"id":1486,"date":"2024-04-12T20:32:30","date_gmt":"2024-04-12T18:32:30","guid":{"rendered":"https:\/\/clubphotomontargis.fr\/?page_id=1486"},"modified":"2024-04-12T20:40:03","modified_gmt":"2024-04-12T18:40:03","slug":"les-resultats-de-notre-concours-interne-de-decembre-2023-1111","status":"publish","type":"page","link":"https:\/\/clubphotomontargis.fr\/?page_id=1486","title":{"rendered":"La pose longue1"},"content":{"rendered":"\n<p class=\"has-kb-palette-1-color has-text-color has-link-color has-large-font-size wp-elements-6412a9c825ca20683a1dcd93237383a6\">\u00ab\u00a0Th\u00e8me = la pose longue\u00a0\u00bb<\/p>\n\n\n\n<p class=\"has-medium-font-size\">Bravo \u00e0 Bruno et Marie Christine qui seront nos deux prochains juges pour le th\u00e8me les courbes qui aura lieu le dernier jeudi du mois de f\u00e9vrier 2024<\/p>\n\n\n\n<figure class=\"wp-block-image size-full\"><img loading=\"lazy\" decoding=\"async\" width=\"704\" height=\"695\" src=\"http:\/\/clubphotomontargis.fr\/wp-content\/uploads\/2024\/03\/concours-interne.jpg\" alt=\"\" class=\"wp-image-177\" srcset=\"https:\/\/clubphotomontargis.fr\/wp-content\/uploads\/2024\/03\/concours-interne.jpg 704w, https:\/\/clubphotomontargis.fr\/wp-content\/uploads\/2024\/03\/concours-interne-300x296.jpg 300w\" sizes=\"auto, (max-width: 704px) 100vw, 704px\" \/><\/figure>\n\n\n\n<p>Les 3 premi\u00e8re photos<\/p>\n\n\n<style>.kb-row-layout-id1486_b41def-ca > .kt-row-column-wrap{align-content:start;}:where(.kb-row-layout-id1486_b41def-ca > .kt-row-column-wrap) > .wp-block-kadence-column{justify-content:start;}.kb-row-layout-id1486_b41def-ca > .kt-row-column-wrap{column-gap:var(--global-kb-gap-md, 2rem);row-gap:var(--global-kb-gap-md, 2rem);padding-top:var(--global-kb-spacing-sm, 1.5rem);padding-bottom:var(--global-kb-spacing-sm, 1.5rem);}.kb-row-layout-id1486_b41def-ca > .kt-row-column-wrap > div:not(.added-for-specificity){grid-column:initial;}.kb-row-layout-id1486_b41def-ca > .kt-row-column-wrap{grid-template-columns:repeat(3, minmax(0, 1fr));}.kb-row-layout-id1486_b41def-ca > .kt-row-layout-overlay{opacity:0.30;}@media all and (max-width: 1024px){.kb-row-layout-id1486_b41def-ca > .kt-row-column-wrap > div:not(.added-for-specificity){grid-column:initial;}}@media all and (max-width: 1024px){.kb-row-layout-id1486_b41def-ca > .kt-row-column-wrap{grid-template-columns:repeat(3, minmax(0, 1fr));}}@media all and (max-width: 767px){.kb-row-layout-id1486_b41def-ca > .kt-row-column-wrap > div:not(.added-for-specificity){grid-column:initial;}.kb-row-layout-id1486_b41def-ca > .kt-row-column-wrap{grid-template-columns:minmax(0, 1fr);}}<\/style><div class=\"kb-row-layout-wrap kb-row-layout-id1486_b41def-ca alignnone wp-block-kadence-rowlayout\"><div class=\"kt-row-column-wrap kt-has-3-columns kt-row-layout-equal kt-tab-layout-inherit kt-mobile-layout-row kt-row-valign-top\">\n<style>.kadence-column1486_21cff4-64 > .kt-inside-inner-col,.kadence-column1486_21cff4-64 > .kt-inside-inner-col:before{border-top-left-radius:0px;border-top-right-radius:0px;border-bottom-right-radius:0px;border-bottom-left-radius:0px;}.kadence-column1486_21cff4-64 > .kt-inside-inner-col{column-gap:var(--global-kb-gap-sm, 1rem);}.kadence-column1486_21cff4-64 > .kt-inside-inner-col{flex-direction:column;}.kadence-column1486_21cff4-64 > .kt-inside-inner-col > .aligncenter{width:100%;}.kadence-column1486_21cff4-64 > .kt-inside-inner-col:before{opacity:0.3;}.kadence-column1486_21cff4-64{position:relative;}@media all and (max-width: 1024px){.kadence-column1486_21cff4-64 > .kt-inside-inner-col{flex-direction:column;justify-content:center;}}@media all and (max-width: 767px){.kadence-column1486_21cff4-64 > .kt-inside-inner-col{flex-direction:column;justify-content:center;}}<\/style>\n<div class=\"wp-block-kadence-column kadence-column1486_21cff4-64\"><div class=\"kt-inside-inner-col\">\n<p class=\"has-kb-palette-1-color has-text-color has-link-color wp-elements-8784ce1ee7720445d11632fa5d93c647\"><strong>1er Bruno Maupas<\/strong><\/p>\n<\/div><\/div>\n\n\n<style>.kadence-column1486_502410-89 > .kt-inside-inner-col,.kadence-column1486_502410-89 > .kt-inside-inner-col:before{border-top-left-radius:0px;border-top-right-radius:0px;border-bottom-right-radius:0px;border-bottom-left-radius:0px;}.kadence-column1486_502410-89 > .kt-inside-inner-col{column-gap:var(--global-kb-gap-sm, 1rem);}.kadence-column1486_502410-89 > .kt-inside-inner-col{flex-direction:column;}.kadence-column1486_502410-89 > .kt-inside-inner-col > .aligncenter{width:100%;}.kadence-column1486_502410-89 > .kt-inside-inner-col:before{opacity:0.3;}.kadence-column1486_502410-89{position:relative;}@media all and (max-width: 1024px){.kadence-column1486_502410-89 > .kt-inside-inner-col{flex-direction:column;justify-content:center;}}@media all and (max-width: 767px){.kadence-column1486_502410-89 > .kt-inside-inner-col{flex-direction:column;justify-content:center;}}<\/style>\n<div class=\"wp-block-kadence-column kadence-column1486_502410-89\"><div class=\"kt-inside-inner-col\">\n<p class=\"has-kb-palette-1-color has-text-color has-link-color wp-elements-562c14531f1c9c462e42e36698bfe415\"><strong>2em Marie Christine Gruau<\/strong><\/p>\n<\/div><\/div>\n\n\n<style>.kadence-column1486_b55a90-8e > .kt-inside-inner-col,.kadence-column1486_b55a90-8e > .kt-inside-inner-col:before{border-top-left-radius:0px;border-top-right-radius:0px;border-bottom-right-radius:0px;border-bottom-left-radius:0px;}.kadence-column1486_b55a90-8e > .kt-inside-inner-col{column-gap:var(--global-kb-gap-sm, 1rem);}.kadence-column1486_b55a90-8e > .kt-inside-inner-col{flex-direction:column;}.kadence-column1486_b55a90-8e > .kt-inside-inner-col > .aligncenter{width:100%;}.kadence-column1486_b55a90-8e > .kt-inside-inner-col:before{opacity:0.3;}.kadence-column1486_b55a90-8e{position:relative;}@media all and (max-width: 1024px){.kadence-column1486_b55a90-8e > .kt-inside-inner-col{flex-direction:column;justify-content:center;}}@media all and (max-width: 767px){.kadence-column1486_b55a90-8e > .kt-inside-inner-col{flex-direction:column;justify-content:center;}}<\/style>\n<div class=\"wp-block-kadence-column kadence-column1486_b55a90-8e\"><div class=\"kt-inside-inner-col\">\n<p class=\"has-kb-palette-1-color has-text-color has-link-color wp-elements-96618b0c4f0cfb04ef644c06e5c0585e\"><strong>3em C\u00e9dric Jachimowiez<\/strong><\/p>\n<\/div><\/div>\n\n<\/div><\/div>\n\n<style>.kb-row-layout-id1486_97a716-cc > .kt-row-column-wrap{align-content:start;}:where(.kb-row-layout-id1486_97a716-cc > .kt-row-column-wrap) > .wp-block-kadence-column{justify-content:start;}.kb-row-layout-id1486_97a716-cc > .kt-row-column-wrap{column-gap:var(--global-kb-gap-md, 2rem);row-gap:var(--global-kb-gap-md, 2rem);padding-top:var(--global-kb-spacing-sm, 1.5rem);padding-bottom:var(--global-kb-spacing-sm, 1.5rem);}.kb-row-layout-id1486_97a716-cc > .kt-row-column-wrap > div:not(.added-for-specificity){grid-column:initial;}.kb-row-layout-id1486_97a716-cc > .kt-row-column-wrap{grid-template-columns:repeat(3, minmax(0, 1fr));}.kb-row-layout-id1486_97a716-cc > .kt-row-layout-overlay{opacity:0.30;}@media all and (max-width: 1024px){.kb-row-layout-id1486_97a716-cc > .kt-row-column-wrap > div:not(.added-for-specificity){grid-column:initial;}}@media all and (max-width: 1024px){.kb-row-layout-id1486_97a716-cc > .kt-row-column-wrap{grid-template-columns:repeat(3, minmax(0, 1fr));}}@media all and (max-width: 767px){.kb-row-layout-id1486_97a716-cc > .kt-row-column-wrap > div:not(.added-for-specificity){grid-column:initial;}.kb-row-layout-id1486_97a716-cc > .kt-row-column-wrap{grid-template-columns:minmax(0, 1fr);}}<\/style><div class=\"kb-row-layout-wrap kb-row-layout-id1486_97a716-cc alignnone wp-block-kadence-rowlayout\"><div class=\"kt-row-column-wrap kt-has-3-columns kt-row-layout-equal kt-tab-layout-inherit kt-mobile-layout-row kt-row-valign-top\">\n<style>.kadence-column1486_10a66d-a4 > .kt-inside-inner-col,.kadence-column1486_10a66d-a4 > .kt-inside-inner-col:before{border-top-left-radius:0px;border-top-right-radius:0px;border-bottom-right-radius:0px;border-bottom-left-radius:0px;}.kadence-column1486_10a66d-a4 > .kt-inside-inner-col{column-gap:var(--global-kb-gap-sm, 1rem);}.kadence-column1486_10a66d-a4 > .kt-inside-inner-col{flex-direction:column;}.kadence-column1486_10a66d-a4 > .kt-inside-inner-col > .aligncenter{width:100%;}.kadence-column1486_10a66d-a4 > .kt-inside-inner-col:before{opacity:0.3;}.kadence-column1486_10a66d-a4{position:relative;}@media all and (max-width: 1024px){.kadence-column1486_10a66d-a4 > .kt-inside-inner-col{flex-direction:column;justify-content:center;}}@media all and (max-width: 767px){.kadence-column1486_10a66d-a4 > .kt-inside-inner-col{flex-direction:column;justify-content:center;}}<\/style>\n<div class=\"wp-block-kadence-column kadence-column1486_10a66d-a4\"><div class=\"kt-inside-inner-col\">\n<figure class=\"wp-block-image size-large\"><img loading=\"lazy\" decoding=\"async\" width=\"1024\" height=\"683\" src=\"https:\/\/clubphotomontargis.fr\/wp-content\/uploads\/2024\/03\/1er-Bruno-Maupas-1024x683.jpg\" alt=\"\" class=\"wp-image-189\" srcset=\"https:\/\/clubphotomontargis.fr\/wp-content\/uploads\/2024\/03\/1er-Bruno-Maupas-1024x683.jpg 1024w, https:\/\/clubphotomontargis.fr\/wp-content\/uploads\/2024\/03\/1er-Bruno-Maupas-300x200.jpg 300w, https:\/\/clubphotomontargis.fr\/wp-content\/uploads\/2024\/03\/1er-Bruno-Maupas-768x512.jpg 768w, https:\/\/clubphotomontargis.fr\/wp-content\/uploads\/2024\/03\/1er-Bruno-Maupas-1536x1024.jpg 1536w, https:\/\/clubphotomontargis.fr\/wp-content\/uploads\/2024\/03\/1er-Bruno-Maupas.jpg 1920w\" sizes=\"auto, (max-width: 1024px) 100vw, 1024px\" \/><\/figure>\n<\/div><\/div>\n\n\n<style>.kadence-column1486_36c542-ed > .kt-inside-inner-col,.kadence-column1486_36c542-ed > .kt-inside-inner-col:before{border-top-left-radius:0px;border-top-right-radius:0px;border-bottom-right-radius:0px;border-bottom-left-radius:0px;}.kadence-column1486_36c542-ed > .kt-inside-inner-col{column-gap:var(--global-kb-gap-sm, 1rem);}.kadence-column1486_36c542-ed > .kt-inside-inner-col{flex-direction:column;}.kadence-column1486_36c542-ed > .kt-inside-inner-col > .aligncenter{width:100%;}.kadence-column1486_36c542-ed > .kt-inside-inner-col:before{opacity:0.3;}.kadence-column1486_36c542-ed{position:relative;}@media all and (max-width: 1024px){.kadence-column1486_36c542-ed > .kt-inside-inner-col{flex-direction:column;justify-content:center;}}@media all and (max-width: 767px){.kadence-column1486_36c542-ed > .kt-inside-inner-col{flex-direction:column;justify-content:center;}}<\/style>\n<div class=\"wp-block-kadence-column kadence-column1486_36c542-ed\"><div class=\"kt-inside-inner-col\">\n<figure class=\"wp-block-image size-large\"><img loading=\"lazy\" decoding=\"async\" width=\"1024\" height=\"683\" src=\"https:\/\/clubphotomontargis.fr\/wp-content\/uploads\/2024\/03\/2em-M-Christine-Gruau-1024x683.jpg\" alt=\"\" class=\"wp-image-190\" srcset=\"https:\/\/clubphotomontargis.fr\/wp-content\/uploads\/2024\/03\/2em-M-Christine-Gruau-1024x683.jpg 1024w, https:\/\/clubphotomontargis.fr\/wp-content\/uploads\/2024\/03\/2em-M-Christine-Gruau-300x200.jpg 300w, https:\/\/clubphotomontargis.fr\/wp-content\/uploads\/2024\/03\/2em-M-Christine-Gruau-768x512.jpg 768w, https:\/\/clubphotomontargis.fr\/wp-content\/uploads\/2024\/03\/2em-M-Christine-Gruau-1536x1024.jpg 1536w, https:\/\/clubphotomontargis.fr\/wp-content\/uploads\/2024\/03\/2em-M-Christine-Gruau.jpg 1920w\" sizes=\"auto, (max-width: 1024px) 100vw, 1024px\" \/><\/figure>\n<\/div><\/div>\n\n\n<style>.kadence-column1486_497b73-70 > .kt-inside-inner-col,.kadence-column1486_497b73-70 > .kt-inside-inner-col:before{border-top-left-radius:0px;border-top-right-radius:0px;border-bottom-right-radius:0px;border-bottom-left-radius:0px;}.kadence-column1486_497b73-70 > .kt-inside-inner-col{column-gap:var(--global-kb-gap-sm, 1rem);}.kadence-column1486_497b73-70 > .kt-inside-inner-col{flex-direction:column;}.kadence-column1486_497b73-70 > .kt-inside-inner-col > .aligncenter{width:100%;}.kadence-column1486_497b73-70 > .kt-inside-inner-col:before{opacity:0.3;}.kadence-column1486_497b73-70{position:relative;}@media all and (max-width: 1024px){.kadence-column1486_497b73-70 > .kt-inside-inner-col{flex-direction:column;justify-content:center;}}@media all and (max-width: 767px){.kadence-column1486_497b73-70 > .kt-inside-inner-col{flex-direction:column;justify-content:center;}}<\/style>\n<div class=\"wp-block-kadence-column kadence-column1486_497b73-70\"><div class=\"kt-inside-inner-col\">\n<figure class=\"wp-block-image size-large\"><img loading=\"lazy\" decoding=\"async\" width=\"1024\" height=\"683\" src=\"https:\/\/clubphotomontargis.fr\/wp-content\/uploads\/2024\/03\/3em-Cedric-1024x683.jpg\" alt=\"\" class=\"wp-image-191\" srcset=\"https:\/\/clubphotomontargis.fr\/wp-content\/uploads\/2024\/03\/3em-Cedric-1024x683.jpg 1024w, https:\/\/clubphotomontargis.fr\/wp-content\/uploads\/2024\/03\/3em-Cedric-300x200.jpg 300w, https:\/\/clubphotomontargis.fr\/wp-content\/uploads\/2024\/03\/3em-Cedric-768x512.jpg 768w, https:\/\/clubphotomontargis.fr\/wp-content\/uploads\/2024\/03\/3em-Cedric-1536x1024.jpg 1536w, https:\/\/clubphotomontargis.fr\/wp-content\/uploads\/2024\/03\/3em-Cedric.jpg 1920w\" sizes=\"auto, (max-width: 1024px) 100vw, 1024px\" \/><\/figure>\n<\/div><\/div>\n\n<\/div><\/div>","protected":false},"excerpt":{"rendered":"<p>\u00ab\u00a0Th\u00e8me = la pose longue\u00a0\u00bb Bravo \u00e0 Bruno et Marie Christine qui seront nos deux prochains juges pour le th\u00e8me les courbes qui aura lieu le dernier jeudi du mois de f\u00e9vrier 2024 Les 3 premi\u00e8re photos 1er Bruno Maupas 2em Marie Christine Gruau 3em C\u00e9dric Jachimowiez<\/p>\n","protected":false},"author":1,"featured_media":0,"parent":0,"menu_order":0,"comment_status":"closed","ping_status":"closed","template":"","meta":{"_kad_post_transparent":"","_kad_post_title":"","_kad_post_layout":"","_kad_post_sidebar_id":"","_kad_post_content_style":"","_kad_post_vertical_padding":"","_kad_post_feature":"","_kad_post_feature_position":"","_kad_post_header":false,"_kad_post_footer":false,"_kad_post_classname":"","footnotes":""},"class_list":["post-1486","page","type-page","status-publish","hentry"],"_links":{"self":[{"href":"https:\/\/clubphotomontargis.fr\/index.php?rest_route=\/wp\/v2\/pages\/1486","targetHints":{"allow":["GET"]}}],"collection":[{"href":"https:\/\/clubphotomontargis.fr\/index.php?rest_route=\/wp\/v2\/pages"}],"about":[{"href":"https:\/\/clubphotomontargis.fr\/index.php?rest_route=\/wp\/v2\/types\/page"}],"author":[{"embeddable":true,"href":"https:\/\/clubphotomontargis.fr\/index.php?rest_route=\/wp\/v2\/users\/1"}],"replies":[{"embeddable":true,"href":"https:\/\/clubphotomontargis.fr\/index.php?rest_route=%2Fwp%2Fv2%2Fcomments&post=1486"}],"version-history":[{"count":5,"href":"https:\/\/clubphotomontargis.fr\/index.php?rest_route=\/wp\/v2\/pages\/1486\/revisions"}],"predecessor-version":[{"id":1494,"href":"https:\/\/clubphotomontargis.fr\/index.php?rest_route=\/wp\/v2\/pages\/1486\/revisions\/1494"}],"wp:attachment":[{"href":"https:\/\/clubphotomontargis.fr\/index.php?rest_route=%2Fwp%2Fv2%2Fmedia&parent=1486"}],"curies":[{"name":"wp","href":"https:\/\/api.w.org\/{rel}","templated":true}]}}