{"id":172,"date":"2024-03-03T23:01:07","date_gmt":"2024-03-03T22:01:07","guid":{"rendered":"https:\/\/clubphotomontargis.fr\/?page_id=172"},"modified":"2024-12-19T09:21:43","modified_gmt":"2024-12-19T08:21:43","slug":"fevrier-les-courbes","status":"publish","type":"page","link":"https:\/\/clubphotomontargis.fr\/?page_id=172","title":{"rendered":"F\u00e9vrier 2024 = les courbes"},"content":{"rendered":"\n<p class=\"has-kb-palette-1-color has-text-color has-link-color has-large-font-size wp-elements-45ca5fde24896493f753f3dcde6d7350\"><strong>Les r\u00e9sultats de notre concours interne de f\u00e9vrier 2024<\/strong><\/p>\n\n\n\n<p class=\"has-kb-palette-1-color has-text-color has-link-color has-large-font-size wp-elements-743d3170367f87381372beb09a6bd625\">\u00ab\u00a0Th\u00e8me = les courbes\u00a0\u00bb<\/p>\n\n\n\n<p class=\"has-medium-font-size\">Bravo \u00e0 Daniel et Jean Fran\u00e7ois  qui terminent 1er ex aequo, ils seront nos deux prochains juges pour le th\u00e8me au raz du sol qui aura lieu le dernier jeudi du mois de d\u2019avril 2024<\/p>\n\n\n\n<figure class=\"wp-block-image size-full\"><img loading=\"lazy\" decoding=\"async\" width=\"496\" height=\"704\" src=\"https:\/\/clubphotomontargis.fr\/wp-content\/uploads\/2024\/03\/Capture.jpg\" alt=\"\" class=\"wp-image-180\" srcset=\"https:\/\/clubphotomontargis.fr\/wp-content\/uploads\/2024\/03\/Capture.jpg 496w, https:\/\/clubphotomontargis.fr\/wp-content\/uploads\/2024\/03\/Capture-211x300.jpg 211w\" sizes=\"auto, (max-width: 496px) 100vw, 496px\" \/><\/figure>\n\n\n<style>.kb-row-layout-id172_3d8573-7e > .kt-row-column-wrap{align-content:start;}:where(.kb-row-layout-id172_3d8573-7e > .kt-row-column-wrap) > .wp-block-kadence-column{justify-content:start;}.kb-row-layout-id172_3d8573-7e > .kt-row-column-wrap{column-gap:var(--global-kb-gap-md, 2rem);row-gap:var(--global-kb-gap-md, 2rem);padding-top:var(--global-kb-spacing-sm, 1.5rem);padding-bottom:var(--global-kb-spacing-sm, 1.5rem);}.kb-row-layout-id172_3d8573-7e > .kt-row-column-wrap > div:not(.added-for-specificity){grid-column:initial;}.kb-row-layout-id172_3d8573-7e > .kt-row-column-wrap{grid-template-columns:repeat(3, minmax(0, 1fr));}.kb-row-layout-id172_3d8573-7e > .kt-row-layout-overlay{opacity:0.30;}@media all and (max-width: 1024px){.kb-row-layout-id172_3d8573-7e > .kt-row-column-wrap > div:not(.added-for-specificity){grid-column:initial;}}@media all and (max-width: 1024px){.kb-row-layout-id172_3d8573-7e > .kt-row-column-wrap{grid-template-columns:repeat(3, minmax(0, 1fr));}}@media all and (max-width: 767px){.kb-row-layout-id172_3d8573-7e > .kt-row-column-wrap > div:not(.added-for-specificity){grid-column:initial;}.kb-row-layout-id172_3d8573-7e > .kt-row-column-wrap{grid-template-columns:minmax(0, 1fr);}}<\/style><div class=\"kb-row-layout-wrap kb-row-layout-id172_3d8573-7e alignnone wp-block-kadence-rowlayout\"><div class=\"kt-row-column-wrap kt-has-3-columns kt-row-layout-equal kt-tab-layout-inherit kt-mobile-layout-row kt-row-valign-top\">\n<style>.kadence-column172_160d14-4e > .kt-inside-inner-col,.kadence-column172_160d14-4e > .kt-inside-inner-col:before{border-top-left-radius:0px;border-top-right-radius:0px;border-bottom-right-radius:0px;border-bottom-left-radius:0px;}.kadence-column172_160d14-4e > .kt-inside-inner-col{column-gap:var(--global-kb-gap-sm, 1rem);}.kadence-column172_160d14-4e > .kt-inside-inner-col{flex-direction:column;}.kadence-column172_160d14-4e > .kt-inside-inner-col > .aligncenter{width:100%;}.kadence-column172_160d14-4e > .kt-inside-inner-col:before{opacity:0.3;}.kadence-column172_160d14-4e{position:relative;}@media all and (max-width: 1024px){.kadence-column172_160d14-4e > .kt-inside-inner-col{flex-direction:column;justify-content:center;}}@media all and (max-width: 767px){.kadence-column172_160d14-4e > .kt-inside-inner-col{flex-direction:column;justify-content:center;}}<\/style>\n<div class=\"wp-block-kadence-column kadence-column172_160d14-4e\"><div class=\"kt-inside-inner-col\">\n<figure class=\"wp-block-image size-large is-resized\"><img loading=\"lazy\" decoding=\"async\" width=\"1024\" height=\"768\" src=\"https:\/\/clubphotomontargis.fr\/wp-content\/uploads\/2024\/03\/1er-Daniel-Rouvel-1024x768.jpg\" alt=\"\" class=\"wp-image-181\" style=\"width:332px;height:auto\" srcset=\"https:\/\/clubphotomontargis.fr\/wp-content\/uploads\/2024\/03\/1er-Daniel-Rouvel-1024x768.jpg 1024w, https:\/\/clubphotomontargis.fr\/wp-content\/uploads\/2024\/03\/1er-Daniel-Rouvel-300x225.jpg 300w, https:\/\/clubphotomontargis.fr\/wp-content\/uploads\/2024\/03\/1er-Daniel-Rouvel-768x576.jpg 768w, https:\/\/clubphotomontargis.fr\/wp-content\/uploads\/2024\/03\/1er-Daniel-Rouvel-1536x1152.jpg 1536w, https:\/\/clubphotomontargis.fr\/wp-content\/uploads\/2024\/03\/1er-Daniel-Rouvel.jpg 1920w\" sizes=\"auto, (max-width: 1024px) 100vw, 1024px\" \/><\/figure>\n\n\n\n<p>1er ex aequo Daniel Rouvel<\/p>\n<\/div><\/div>\n\n\n<style>.kadence-column172_6fd647-ba > .kt-inside-inner-col,.kadence-column172_6fd647-ba > .kt-inside-inner-col:before{border-top-left-radius:0px;border-top-right-radius:0px;border-bottom-right-radius:0px;border-bottom-left-radius:0px;}.kadence-column172_6fd647-ba > .kt-inside-inner-col{column-gap:var(--global-kb-gap-sm, 1rem);}.kadence-column172_6fd647-ba > .kt-inside-inner-col{flex-direction:column;}.kadence-column172_6fd647-ba > .kt-inside-inner-col > .aligncenter{width:100%;}.kadence-column172_6fd647-ba > .kt-inside-inner-col:before{opacity:0.3;}.kadence-column172_6fd647-ba{position:relative;}@media all and (max-width: 1024px){.kadence-column172_6fd647-ba > .kt-inside-inner-col{flex-direction:column;justify-content:center;}}@media all and (max-width: 767px){.kadence-column172_6fd647-ba > .kt-inside-inner-col{flex-direction:column;justify-content:center;}}<\/style>\n<div class=\"wp-block-kadence-column kadence-column172_6fd647-ba\"><div class=\"kt-inside-inner-col\">\n<figure class=\"wp-block-image size-large\"><img loading=\"lazy\" decoding=\"async\" width=\"1024\" height=\"683\" src=\"https:\/\/clubphotomontargis.fr\/wp-content\/uploads\/2024\/03\/2em-JF-Dupeyroux-1024x683.jpg\" alt=\"\" class=\"wp-image-182\" srcset=\"https:\/\/clubphotomontargis.fr\/wp-content\/uploads\/2024\/03\/2em-JF-Dupeyroux-1024x683.jpg 1024w, https:\/\/clubphotomontargis.fr\/wp-content\/uploads\/2024\/03\/2em-JF-Dupeyroux-300x200.jpg 300w, https:\/\/clubphotomontargis.fr\/wp-content\/uploads\/2024\/03\/2em-JF-Dupeyroux-768x512.jpg 768w, https:\/\/clubphotomontargis.fr\/wp-content\/uploads\/2024\/03\/2em-JF-Dupeyroux-1536x1024.jpg 1536w, https:\/\/clubphotomontargis.fr\/wp-content\/uploads\/2024\/03\/2em-JF-Dupeyroux.jpg 1920w\" sizes=\"auto, (max-width: 1024px) 100vw, 1024px\" \/><\/figure>\n\n\n\n<p>1er ex aequo JF Dupeyroux<\/p>\n<\/div><\/div>\n\n\n<style>.kadence-column172_b8ef25-51 > .kt-inside-inner-col,.kadence-column172_b8ef25-51 > .kt-inside-inner-col:before{border-top-left-radius:0px;border-top-right-radius:0px;border-bottom-right-radius:0px;border-bottom-left-radius:0px;}.kadence-column172_b8ef25-51 > .kt-inside-inner-col{column-gap:var(--global-kb-gap-sm, 1rem);}.kadence-column172_b8ef25-51 > .kt-inside-inner-col{flex-direction:column;}.kadence-column172_b8ef25-51 > .kt-inside-inner-col > .aligncenter{width:100%;}.kadence-column172_b8ef25-51 > .kt-inside-inner-col:before{opacity:0.3;}.kadence-column172_b8ef25-51{position:relative;}@media all and (max-width: 1024px){.kadence-column172_b8ef25-51 > .kt-inside-inner-col{flex-direction:column;justify-content:center;}}@media all and (max-width: 767px){.kadence-column172_b8ef25-51 > .kt-inside-inner-col{flex-direction:column;justify-content:center;}}<\/style>\n<div class=\"wp-block-kadence-column kadence-column172_b8ef25-51\"><div class=\"kt-inside-inner-col\">\n<figure class=\"wp-block-image size-large\"><img loading=\"lazy\" decoding=\"async\" width=\"1024\" height=\"683\" src=\"https:\/\/clubphotomontargis.fr\/wp-content\/uploads\/2024\/03\/3em-Guy-Naudeau-1024x683.jpg\" alt=\"\" class=\"wp-image-183\" srcset=\"https:\/\/clubphotomontargis.fr\/wp-content\/uploads\/2024\/03\/3em-Guy-Naudeau-1024x683.jpg 1024w, https:\/\/clubphotomontargis.fr\/wp-content\/uploads\/2024\/03\/3em-Guy-Naudeau-300x200.jpg 300w, https:\/\/clubphotomontargis.fr\/wp-content\/uploads\/2024\/03\/3em-Guy-Naudeau-768x512.jpg 768w, https:\/\/clubphotomontargis.fr\/wp-content\/uploads\/2024\/03\/3em-Guy-Naudeau-1536x1024.jpg 1536w, https:\/\/clubphotomontargis.fr\/wp-content\/uploads\/2024\/03\/3em-Guy-Naudeau.jpg 1920w\" sizes=\"auto, (max-width: 1024px) 100vw, 1024px\" \/><\/figure>\n\n\n\n<p>3em Guy Naudeau<\/p>\n<\/div><\/div>\n\n<\/div><\/div>","protected":false},"excerpt":{"rendered":"<p>Les r\u00e9sultats de notre concours interne de f\u00e9vrier 2024 \u00ab\u00a0Th\u00e8me = les courbes\u00a0\u00bb Bravo \u00e0 Daniel et Jean Fran\u00e7ois qui terminent 1er ex aequo, ils seront nos deux prochains juges pour le th\u00e8me au raz du sol qui aura lieu le dernier jeudi du mois de d\u2019avril 2024 1er ex aequo Daniel Rouvel 1er ex&#8230;<\/p>\n","protected":false},"author":1,"featured_media":0,"parent":0,"menu_order":0,"comment_status":"closed","ping_status":"closed","template":"","meta":{"_kad_post_transparent":"","_kad_post_title":"","_kad_post_layout":"","_kad_post_sidebar_id":"","_kad_post_content_style":"","_kad_post_vertical_padding":"","_kad_post_feature":"","_kad_post_feature_position":"","_kad_post_header":false,"_kad_post_footer":false,"_kad_post_classname":"","footnotes":""},"class_list":["post-172","page","type-page","status-publish","hentry"],"_links":{"self":[{"href":"https:\/\/clubphotomontargis.fr\/index.php?rest_route=\/wp\/v2\/pages\/172","targetHints":{"allow":["GET"]}}],"collection":[{"href":"https:\/\/clubphotomontargis.fr\/index.php?rest_route=\/wp\/v2\/pages"}],"about":[{"href":"https:\/\/clubphotomontargis.fr\/index.php?rest_route=\/wp\/v2\/types\/page"}],"author":[{"embeddable":true,"href":"https:\/\/clubphotomontargis.fr\/index.php?rest_route=\/wp\/v2\/users\/1"}],"replies":[{"embeddable":true,"href":"https:\/\/clubphotomontargis.fr\/index.php?rest_route=%2Fwp%2Fv2%2Fcomments&post=172"}],"version-history":[{"count":9,"href":"https:\/\/clubphotomontargis.fr\/index.php?rest_route=\/wp\/v2\/pages\/172\/revisions"}],"predecessor-version":[{"id":2574,"href":"https:\/\/clubphotomontargis.fr\/index.php?rest_route=\/wp\/v2\/pages\/172\/revisions\/2574"}],"wp:attachment":[{"href":"https:\/\/clubphotomontargis.fr\/index.php?rest_route=%2Fwp%2Fv2%2Fmedia&parent=172"}],"curies":[{"name":"wp","href":"https:\/\/api.w.org\/{rel}","templated":true}]}}