{"id":1946,"date":"2024-04-23T12:55:52","date_gmt":"2024-04-23T10:55:52","guid":{"rendered":"https:\/\/clubphotomontargis.fr\/?page_id=1946"},"modified":"2024-04-23T12:55:52","modified_gmt":"2024-04-23T10:55:52","slug":"reglement-interieur","status":"publish","type":"page","link":"https:\/\/clubphotomontargis.fr\/?page_id=1946","title":{"rendered":"R\u00e8glement int\u00e9rieur"},"content":{"rendered":"<style>.kb-row-layout-id1946_54a38c-ce > .kt-row-column-wrap{align-content:start;}:where(.kb-row-layout-id1946_54a38c-ce > .kt-row-column-wrap) > .wp-block-kadence-column{justify-content:start;}.kb-row-layout-id1946_54a38c-ce > .kt-row-column-wrap{column-gap:var(--global-kb-gap-md, 2rem);row-gap:var(--global-kb-gap-md, 2rem);padding-top:var(--global-kb-spacing-sm, 1.5rem);padding-bottom:var(--global-kb-spacing-sm, 1.5rem);grid-template-columns:minmax(0, 1fr);}.kb-row-layout-id1946_54a38c-ce > .kt-row-layout-overlay{opacity:0.30;}@media all and (max-width: 1024px){.kb-row-layout-id1946_54a38c-ce > .kt-row-column-wrap{grid-template-columns:minmax(0, 1fr);}}@media all and (max-width: 767px){.kb-row-layout-id1946_54a38c-ce > .kt-row-column-wrap{grid-template-columns:minmax(0, 1fr);}}<\/style><div class=\"kb-row-layout-wrap kb-row-layout-id1946_54a38c-ce alignnone wp-block-kadence-rowlayout\"><div class=\"kt-row-column-wrap kt-has-1-columns kt-row-layout-equal kt-tab-layout-inherit kt-mobile-layout-row kt-row-valign-top\">\n<style>.kadence-column1946_263e68-7f > .kt-inside-inner-col,.kadence-column1946_263e68-7f > .kt-inside-inner-col:before{border-top-left-radius:0px;border-top-right-radius:0px;border-bottom-right-radius:0px;border-bottom-left-radius:0px;}.kadence-column1946_263e68-7f > .kt-inside-inner-col{column-gap:var(--global-kb-gap-sm, 1rem);}.kadence-column1946_263e68-7f > .kt-inside-inner-col{flex-direction:column;}.kadence-column1946_263e68-7f > .kt-inside-inner-col > .aligncenter{width:100%;}.kadence-column1946_263e68-7f > .kt-inside-inner-col:before{opacity:0.3;}.kadence-column1946_263e68-7f{position:relative;}@media all and (max-width: 1024px){.kadence-column1946_263e68-7f > .kt-inside-inner-col{flex-direction:column;justify-content:center;}}@media all and (max-width: 767px){.kadence-column1946_263e68-7f > .kt-inside-inner-col{flex-direction:column;justify-content:center;}}<\/style>\n<div class=\"wp-block-kadence-column kadence-column1946_263e68-7f\"><div class=\"kt-inside-inner-col\">\n<p class=\"has-text-align-center has-kb-palette-1-color has-theme-palette-8-background-color has-text-color has-background has-link-color has-medium-font-size wp-elements-2b6bd0f464995f741b0d3dc888c85728\"><strong>R\u00e8glement int\u00e9rieur<\/strong><\/p>\n<\/div><\/div>\n\n<\/div><\/div>\n\n\n<p><strong>R\u00e8glement Int\u00e9rieur de l&rsquo;association&nbsp; \u00ab\u00a0Photo-Club de Montargis\u00a0\u00bb<\/strong><\/p>\n\n\n\n<p>ARTICLE PREMIER -Locaux<\/p>\n\n\n\n<p>Le Photo-Club de Montargis a son si\u00e8ge au centre Nelson Mandela, 32 avenue L-M. Chautemps \u00e0 Montargis.<\/p>\n\n\n\n<p>Sur ce site, il dispose des locaux suivants:<\/p>\n\n\n\n<ul class=\"wp-block-list\">\n<li>Une salle de travaux num\u00e9riques o\u00f9 sont mis \u00e0 disposition des membres des ordinateurs \u00e9quip\u00e9s de logiciels de traitement d&rsquo;images, d&rsquo;imprimantes et d&rsquo;un scanner.<\/li>\n\n\n\n<li>Une salle faisant office de studio photo, \u00e9quip\u00e9e de projecteurs, fonds etc&#8230;<\/li>\n\n\n\n<li>Un bureau r\u00e9serv\u00e9 \u00e0 l&rsquo;administration et aux fournitures de l&rsquo;association.<\/li>\n<\/ul>\n\n\n\n<p>Le Photo-Club de Montargis dispose \u00e9galement d&rsquo;un local situ\u00e9 9 rue Greven \u00e0 Montargis o\u00f9 est entrepos\u00e9 le mat\u00e9riel d&rsquo;exposition: cadres photos dans diff\u00e9rents formats, &#8230;..<\/p>\n\n\n\n<p>ARTICLE 2 \u2013 Activit\u00e9s<\/p>\n\n\n\n<p>&#8211; Le club propose des ateliers de traitement num\u00e9rique d&rsquo;images, deux fois par semaine:<\/p>\n\n\n\n<p>&nbsp;&nbsp;&nbsp;&nbsp;&nbsp;&nbsp;&nbsp;&nbsp;&nbsp;&nbsp;&nbsp;&nbsp;&nbsp;&nbsp;&nbsp;&nbsp;&nbsp;&nbsp;&nbsp;&nbsp;&nbsp;&nbsp;&nbsp; &gt; Les mardi de 14h \u00e0 16h&nbsp;&nbsp;&nbsp;&nbsp;&nbsp;&nbsp;&nbsp;&nbsp;&nbsp;&nbsp;&nbsp;&nbsp;&nbsp;&nbsp; &gt; les jeudi soir de 18 \u00e0 20h<\/p>\n\n\n\n<p>&#8211; Le studio est destin\u00e9 aux prises de vue en statique de natures mortes, de portraits et autres activit\u00e9s de studio photo.<\/p>\n\n\n\n<p>&#8211; Un concours bimestriel est organis\u00e9 entre les membres du club. Les th\u00e8mes sont choisis pour l&rsquo;ann\u00e9e compl\u00e8te. Cette activit\u00e9 a pour but de cr\u00e9er un esprit de groupe et une \u00e9mulation entre les membres.<\/p>\n\n\n\n<p>&#8211; Le Club organise des sorties photographiques sur des th\u00e8mes vari\u00e9s.<\/p>\n\n\n\n<p>&#8211; L&rsquo;\u00e9v\u00e8nement de r\u00e9f\u00e9rence de l&rsquo;ann\u00e9e est bien s\u00fbr le salon d&rsquo;art photographique de l&rsquo;association qui a lieu tous les ans avec le soutien de la mairie de Montargis et de l&rsquo;agglom\u00e9ration montargoise.<\/p>\n\n\n\n<p>C&rsquo;est l&rsquo;occasion pour les membres du club de mettre en valeur leurs travaux de l&rsquo;ann\u00e9e.<\/p>\n\n\n\n<p>Le club est membre de la F\u00e9d\u00e9dration Photographique de France ( FPF). Nos membres ont la possibilit\u00e9 d&rsquo;y adh\u00e9rer -moyennant une cotisation- et peuvent \u00e0 ce titre, avec le soutien du club, participer \u00e0 des concours photos r\u00e9gionaux, nationaux voire internationaux.<br>En tant que membre de la FPF, il est \u00e9galement possible de b\u00e9n\u00e9ficier de tarifs pr\u00e9f\u00e9rentiels d&rsquo;abonnements \u00e0 des revues, logiciels de traitement d&rsquo;image etc&#8230;<\/p>\n\n\n\n<p>Le club tient des r\u00e9unions pl\u00e9ni\u00e8res \u2013 environ trois par an- pour \u00e9changer sur les activit\u00e9s en cours ou \u00e0 venir.<\/p>\n\n\n\n<p>ARTICLE 3- Adh\u00e9sion<\/p>\n\n\n\n<p>Chaque nouvel adh\u00e9rent doit remplir une demande d&rsquo;adh\u00e9sion -fournie par le club- l&rsquo; adresser \u00e0 l&rsquo;attention du bureau, accompagn\u00e9e du r\u00e8glement de la cotisation pour l&rsquo;exercice en cours et par laquelle il confirme son accord sur les statuts et le r\u00e8glement int\u00e9rieur de l&rsquo;association.<\/p>\n\n\n\n<p>ARTICLE 4- Modalit\u00e9s d&rsquo; acc\u00e8s aux activit\u00e9s<\/p>\n\n\n\n<p>Toutes les activit\u00e9s du club sont accessibles aux membres du club.<\/p>\n\n\n\n<p>Les conditions d&rsquo;acc\u00e8s aux locaux sont les suivantes:<\/p>\n\n\n\n<ul class=\"wp-block-list\">\n<li>La salle de travail num\u00e9rique est ouverte aux heures indiqu\u00e9es \u00e0 l&rsquo;article 2 sous la supervision d&rsquo;un membre r\u00e9f\u00e9rent du club, garant de la bonne utilisation du mat\u00e9riel.<\/li>\n\n\n\n<li>Le studio est uniquement accessible sur r\u00e9servation aupr\u00e8s du pr\u00e9sident \/ vice pr\u00e9sident qui confirme la disponibilit\u00e9 et donne son accord de principe.<br>L&rsquo;acc\u00e8s au studio est conditionn\u00e9 par la pr\u00e9sence d&rsquo;un r\u00e9f\u00e9rent du club qui est garant de la bonne utilisation du mat\u00e9riel, du rangement du local apr\u00e8s utilisation ainsi que du respect des r\u00e8gles ci-dessous en cas d&rsquo;intervenants ext\u00e9rieurs au club ( mod\u00e8les):<ul><li>Un document doit \u00eatre sign\u00e9 entre les parties afin de fixer clairement l&rsquo;objet de la s\u00e9ance de prises de vues. Un document-type peut-\u00eatre fourni par le club.<br><em>Une copie de ce document doit-\u00eatre adress\u00e9e au pr\u00e9sident avant la s\u00e9ance.<\/em><\/li><\/ul>\n<ul class=\"wp-block-list\">\n<li>En cas d&rsquo;intervention de mineurs, la pr\u00e9sence d&rsquo;un parent, au minimum, est imp\u00e9rative.<\/li>\n<\/ul>\n<\/li>\n<\/ul>\n\n\n\n<p>Des cl\u00e9s d&rsquo;acc\u00e8s au b\u00e2timent et aux salles du club peuvent \u00eatre confi\u00e9es aux membres exp\u00e9riment\u00e9s, pour un acc\u00e8s en dehors des heures d&rsquo;ouverture, apr\u00e8s plusieurs ann\u00e9es de pratique et sur d\u00e9cision du bureau.<\/p>\n\n\n\n<p>L\u2019acc\u00e8s aux locaux est autoris\u00e9 uniquement du lundi au samedi de 08h00 \u00e0 21h00,en dehors de ces horaires l\u2019alarme du b\u00e2timent est en fonction.<\/p>\n\n\n\n<p>Cet acc\u00e8s libre ne dispense aucunement des r\u00e8gles de bon fonctionnement ci-dessus.<\/p>\n\n\n\n<p>Les moyens mis \u00e0 disposition (salle num\u00e9rique, imprimantes, studio) ne peuvent en aucun cas \u00eatre utilis\u00e9s par les membres du club \u00e0 des fins commerciales&nbsp; (vente d&rsquo;images, de prestations photo).<\/p>\n\n\n\n<p>ARTICLE 5 &#8211; Droit \u00e0 l&rsquo;image<\/p>\n\n\n\n<p>Il appartient \u00e0 chacun de respecter le droit \u00e0 l\u2019image et \u00e0 la vie priv\u00e9e des personnes prises en photographie au sein du club et de se procurer l\u2019autorisation de ces personnes.<\/p>\n\n\n\n<p>ARTICLE 6 \u2013 S\u00e9curit\u00e9<\/p>\n\n\n\n<p>L&rsquo;association est assur\u00e9e en responsabilit\u00e9 civile, n\u00e9anmoins les sorties organis\u00e9es par le club se font sous l&rsquo;enti\u00e8re responsabilit\u00e9 des membres participant.<\/p>\n\n\n\n<p>ARTICLE 7 \u2013Prestations<\/p>\n\n\n\n<p>Pour l&rsquo;impression de photos sur les imprimantes du club, les conditions d&rsquo;utilisations sont les suivantes:<\/p>\n\n\n\n<ul class=\"wp-block-list\">\n<li>Les tirages sont accessibles moyennant le paiement d&rsquo;un\u00a0 forfait d\u00e9pendant de la taille et de la nature de l&rsquo;impression ( noir et blanc, couleur, brillant, mat etc&#8230;)<\/li>\n\n\n\n<li>Du papier photo, des passe-partout de diff\u00e9rents formats et nature sont \u00e9galement accessibles au club moyennant une r\u00e9tribution.<\/li>\n<\/ul>\n\n\n\n<p>Les tarifs de ces prestations sont affich\u00e9s dans la salle d&rsquo;atelier num\u00e9rique.<\/p>\n\n\n\n<p>Le membre r\u00e9f\u00e9rent pr\u00e9sent assure l&rsquo;acc\u00e8s \u00e0 ces fournitures, l&rsquo;utilisateur devant les payer imp\u00e9rativement le jour m\u00eame, en esp\u00e8ce ou ch\u00e8que de pr\u00e9f\u00e9rence, et remplir le journal de bord d&rsquo;impression.<\/p>\n\n\n\n<p>Les adh\u00e9rents peuvent \u00e9galement utiliser leur papier photo personnel.<\/p>\n\n\n\n<p><strong>Les adh\u00e9rents sont tenus de prendre le plus grand soin du mat\u00e9riel qui est mis \u00e0 leur disposition.<\/strong><\/p>\n\n\n\n<p>Fait \u00e0 Montargis le 5\/02\/2022<\/p>\n","protected":false},"excerpt":{"rendered":"<p>R\u00e8glement int\u00e9rieur R\u00e8glement Int\u00e9rieur de l&rsquo;association&nbsp; \u00ab\u00a0Photo-Club de Montargis\u00a0\u00bb ARTICLE PREMIER -Locaux Le Photo-Club de Montargis a son si\u00e8ge au centre Nelson Mandela, 32 avenue L-M. Chautemps \u00e0 Montargis. Sur ce site, il dispose des locaux suivants: Le Photo-Club de Montargis dispose \u00e9galement d&rsquo;un local situ\u00e9 9 rue Greven \u00e0 Montargis o\u00f9 est entrepos\u00e9 le&#8230;<\/p>\n","protected":false},"author":1,"featured_media":0,"parent":0,"menu_order":0,"comment_status":"closed","ping_status":"closed","template":"","meta":{"_kad_post_transparent":"","_kad_post_title":"","_kad_post_layout":"","_kad_post_sidebar_id":"","_kad_post_content_style":"","_kad_post_vertical_padding":"","_kad_post_feature":"","_kad_post_feature_position":"","_kad_post_header":false,"_kad_post_footer":false,"_kad_post_classname":"","footnotes":""},"class_list":["post-1946","page","type-page","status-publish","hentry"],"_links":{"self":[{"href":"https:\/\/clubphotomontargis.fr\/index.php?rest_route=\/wp\/v2\/pages\/1946","targetHints":{"allow":["GET"]}}],"collection":[{"href":"https:\/\/clubphotomontargis.fr\/index.php?rest_route=\/wp\/v2\/pages"}],"about":[{"href":"https:\/\/clubphotomontargis.fr\/index.php?rest_route=\/wp\/v2\/types\/page"}],"author":[{"embeddable":true,"href":"https:\/\/clubphotomontargis.fr\/index.php?rest_route=\/wp\/v2\/users\/1"}],"replies":[{"embeddable":true,"href":"https:\/\/clubphotomontargis.fr\/index.php?rest_route=%2Fwp%2Fv2%2Fcomments&post=1946"}],"version-history":[{"count":1,"href":"https:\/\/clubphotomontargis.fr\/index.php?rest_route=\/wp\/v2\/pages\/1946\/revisions"}],"predecessor-version":[{"id":1947,"href":"https:\/\/clubphotomontargis.fr\/index.php?rest_route=\/wp\/v2\/pages\/1946\/revisions\/1947"}],"wp:attachment":[{"href":"https:\/\/clubphotomontargis.fr\/index.php?rest_route=%2Fwp%2Fv2%2Fmedia&parent=1946"}],"curies":[{"name":"wp","href":"https:\/\/api.w.org\/{rel}","templated":true}]}}