{"id":21,"date":"2024-02-28T21:37:02","date_gmt":"2024-02-28T20:37:02","guid":{"rendered":"https:\/\/clubphotomontargis.fr\/?page_id=21"},"modified":"2025-12-21T15:54:07","modified_gmt":"2025-12-21T14:54:07","slug":"acceuil","status":"publish","type":"page","link":"https:\/\/clubphotomontargis.fr\/","title":{"rendered":"Club photo De Montargis"},"content":{"rendered":"\n<p class=\"has-text-align-center has-kb-palette-1-color has-text-color has-link-color has-xxlarge-font-size wp-elements-ab2ff19416f80d1974b43a27f094d277\"><strong>Club photo de Montargis<\/strong><\/p>\n\n\n<style>.kb-row-layout-id21_5b4a3d-ab > .kt-row-column-wrap{align-content:start;}:where(.kb-row-layout-id21_5b4a3d-ab > .kt-row-column-wrap) > .wp-block-kadence-column{justify-content:start;}.kb-row-layout-id21_5b4a3d-ab > .kt-row-column-wrap{column-gap:var(--global-kb-gap-md, 2rem);row-gap:var(--global-kb-gap-md, 2rem);padding-top:var(--global-kb-spacing-sm, 1.5rem);padding-bottom:var(--global-kb-spacing-sm, 1.5rem);grid-template-columns:minmax(0, 1fr);}.kb-row-layout-id21_5b4a3d-ab > .kt-row-layout-overlay{opacity:0.30;}@media all and (max-width: 1024px){.kb-row-layout-id21_5b4a3d-ab > .kt-row-column-wrap{grid-template-columns:minmax(0, 1fr);}}@media all and (max-width: 767px){.kb-row-layout-id21_5b4a3d-ab > .kt-row-column-wrap{grid-template-columns:minmax(0, 1fr);}}<\/style><div class=\"kb-row-layout-wrap kb-row-layout-id21_5b4a3d-ab alignnone wp-block-kadence-rowlayout\"><div class=\"kt-row-column-wrap kt-has-1-columns kt-row-layout-equal kt-tab-layout-inherit kt-mobile-layout-row kt-row-valign-top\">\n<style>.kadence-column21_ca21a2-d7 > .kt-inside-inner-col,.kadence-column21_ca21a2-d7 > .kt-inside-inner-col:before{border-top-left-radius:0px;border-top-right-radius:0px;border-bottom-right-radius:0px;border-bottom-left-radius:0px;}.kadence-column21_ca21a2-d7 > .kt-inside-inner-col{column-gap:var(--global-kb-gap-sm, 1rem);}.kadence-column21_ca21a2-d7 > .kt-inside-inner-col{flex-direction:column;}.kadence-column21_ca21a2-d7 > .kt-inside-inner-col > .aligncenter{width:100%;}.kadence-column21_ca21a2-d7 > .kt-inside-inner-col:before{opacity:0.3;}.kadence-column21_ca21a2-d7{position:relative;}@media all and (max-width: 1024px){.kadence-column21_ca21a2-d7 > .kt-inside-inner-col{flex-direction:column;justify-content:center;}}@media all and (max-width: 767px){.kadence-column21_ca21a2-d7 > .kt-inside-inner-col{flex-direction:column;justify-content:center;}}<\/style>\n<div class=\"wp-block-kadence-column kadence-column21_ca21a2-d7\"><div class=\"kt-inside-inner-col\">\n<div class=\"wp-block-cover aligncenter\"><img loading=\"lazy\" decoding=\"async\" width=\"1024\" height=\"680\" class=\"wp-block-cover__image-background wp-image-74\" alt=\"\" src=\"http:\/\/clubphotomontargis.fr\/wp-content\/uploads\/2024\/03\/pexels-photo-832811-1024x680.jpeg\" data-object-fit=\"cover\" srcset=\"https:\/\/clubphotomontargis.fr\/wp-content\/uploads\/2024\/03\/pexels-photo-832811-1024x680.jpeg 1024w, https:\/\/clubphotomontargis.fr\/wp-content\/uploads\/2024\/03\/pexels-photo-832811-300x199.jpeg 300w, https:\/\/clubphotomontargis.fr\/wp-content\/uploads\/2024\/03\/pexels-photo-832811-768x510.jpeg 768w, https:\/\/clubphotomontargis.fr\/wp-content\/uploads\/2024\/03\/pexels-photo-832811-1536x1020.jpeg 1536w, https:\/\/clubphotomontargis.fr\/wp-content\/uploads\/2024\/03\/pexels-photo-832811-2048x1360.jpeg 2048w\" sizes=\"auto, (max-width: 1024px) 100vw, 1024px\" \/><span aria-hidden=\"true\" class=\"wp-block-cover__background has-background-dim\"><\/span><div class=\"wp-block-cover__inner-container is-layout-flow wp-block-cover-is-layout-flow\">\n<p class=\"has-text-align-center has-kb-palette-1-color has-text-color has-link-color has-large-font-size wp-elements-202f5ac28315ebe549cefd10a3701916\">Bienvenue sur le site du Club Photo de Montargis. Club fond\u00e9 en 1951, affili\u00e9 \u00e0 la F\u00e9d\u00e9ration Photographique de France, il compte en moyenne 25 adh\u00e9rents, tous partageant la m\u00eame passion, celle de la photographie.<\/p>\n<\/div><\/div>\n<\/div><\/div>\n\n<\/div><\/div>\n\n\n<hr class=\"wp-block-separator has-text-color has-kb-palette-1-color has-alpha-channel-opacity has-kb-palette-1-background-color has-background is-style-wide\" style=\"margin-top:var(--wp--preset--spacing--40);margin-bottom:var(--wp--preset--spacing--40)\"\/>\n\n\n<style>.kb-row-layout-id21_91a621-75 > .kt-row-column-wrap{align-content:start;}:where(.kb-row-layout-id21_91a621-75 > .kt-row-column-wrap) > .wp-block-kadence-column{justify-content:start;}.kb-row-layout-id21_91a621-75 > .kt-row-column-wrap{column-gap:var(--global-kb-gap-md, 2rem);row-gap:var(--global-kb-gap-md, 2rem);max-width:2000px;margin-left:auto;margin-right:auto;padding-top:var(--global-kb-spacing-sm, 1.5rem);padding-bottom:var(--global-kb-spacing-4xl, 8rem);min-height:343px;grid-template-columns:minmax(0, 1fr);}.kb-row-layout-id21_91a621-75{background-image:url('http:\/\/clubphotomontargis.fr\/wp-content\/uploads\/2024\/03\/camera-4123304_960_720.jpg');background-size:cover;background-position:54% 60%;background-attachment:scroll;background-repeat:no-repeat;}.kb-row-layout-id21_91a621-75 > .kt-row-layout-overlay{opacity:0.31;}.kb-row-layout-id21_91a621-75{z-index:928;position:relative;}@media all and (max-width: 1024px){.kb-row-layout-id21_91a621-75 > .kt-row-column-wrap{grid-template-columns:minmax(0, 1fr);}}@media all and (max-width: 767px){.kb-row-layout-id21_91a621-75 > .kt-row-column-wrap{grid-template-columns:minmax(0, 1fr);}}<\/style><div class=\"kb-row-layout-wrap kb-row-layout-id21_91a621-75 alignnone kt-row-has-bg wp-block-kadence-rowlayout\"><div class=\"kt-row-column-wrap kt-has-1-columns kt-row-layout-equal kt-tab-layout-inherit kt-mobile-layout-row kt-row-valign-top\">\n<style>.kadence-column21_b34172-d2 > .kt-inside-inner-col{display:flex;}.kadence-column21_b34172-d2 > .kt-inside-inner-col,.kadence-column21_b34172-d2 > .kt-inside-inner-col:before{border-top-left-radius:0px;border-top-right-radius:0px;border-bottom-right-radius:0px;border-bottom-left-radius:0px;}.kadence-column21_b34172-d2 > .kt-inside-inner-col{column-gap:var(--global-kb-gap-sm, 1rem);}.kadence-column21_b34172-d2 > .kt-inside-inner-col{flex-direction:column;justify-content:flex-end;}.kadence-column21_b34172-d2 > .kt-inside-inner-col > .aligncenter{width:100%;}.kt-row-column-wrap > .kadence-column21_b34172-d2{align-self:flex-end;}.kt-inner-column-height-full:not(.kt-has-1-columns) > .wp-block-kadence-column.kadence-column21_b34172-d2{align-self:auto;}.kt-inner-column-height-full:not(.kt-has-1-columns) > .wp-block-kadence-column.kadence-column21_b34172-d2 > .kt-inside-inner-col{flex-direction:column;justify-content:flex-end;}.kadence-column21_b34172-d2 > .kt-inside-inner-col:before{opacity:0.3;}.kadence-column21_b34172-d2{position:relative;}@media all and (max-width: 1024px){.kt-row-column-wrap > .kadence-column21_b34172-d2{align-self:flex-end;}}@media all and (max-width: 1024px){.kt-inner-column-height-full:not(.kt-has-1-columns) > .wp-block-kadence-column.kadence-column21_b34172-d2{align-self:auto;}}@media all and (max-width: 1024px){.kt-inner-column-height-full:not(.kt-has-1-columns) > .wp-block-kadence-column.kadence-column21_b34172-d2 > .kt-inside-inner-col{flex-direction:column;justify-content:flex-end;}}@media all and (max-width: 1024px){.kadence-column21_b34172-d2 > .kt-inside-inner-col{flex-direction:column;justify-content:flex-end;}}@media all and (max-width: 767px){.kt-row-column-wrap > .kadence-column21_b34172-d2{align-self:flex-end;}.kt-inner-column-height-full:not(.kt-has-1-columns) > .wp-block-kadence-column.kadence-column21_b34172-d2{align-self:auto;}.kt-inner-column-height-full:not(.kt-has-1-columns) > .wp-block-kadence-column.kadence-column21_b34172-d2 > .kt-inside-inner-col{flex-direction:column;justify-content:flex-end;}.kadence-column21_b34172-d2 > .kt-inside-inner-col{flex-direction:column;justify-content:flex-end;}}<\/style>\n<div class=\"wp-block-kadence-column kadence-column21_b34172-d2\"><div class=\"kt-inside-inner-col\">\n<p><strong>Les th\u00e8mes des concours internes pour l\u2019ann\u00e9e 2026 sont les suivants\u00a0:<\/strong><\/p>\n\n\n\n<ol class=\"wp-block-list\">\n<li><strong>Sym\u00e9trie<\/strong> \u2013 fin f\u00e9vrier<\/li>\n\n\n\n<li><strong>Nostalgie<\/strong> \u2013 fin avril<\/li>\n\n\n\n<li><strong>Vu d\u2019en haut<\/strong> \u2013 fin juin<\/li>\n\n\n\n<li><strong>Animaux, oiseaux, insectes<\/strong> \u2013 fin ao\u00fbt<\/li>\n\n\n\n<li><strong>Couleur rouge<\/strong> \u2013 fin octobre<\/li>\n\n\n\n<li><strong>Dans le brouillard<\/strong> \u2013 fin d\u00e9cembre<\/li>\n<\/ol>\n<\/div><\/div>\n\n<\/div><\/div>\n\n<style>.kb-row-layout-id21_f9270a-47 > .kt-row-column-wrap{align-content:start;}:where(.kb-row-layout-id21_f9270a-47 > .kt-row-column-wrap) > .wp-block-kadence-column{justify-content:start;}.kb-row-layout-id21_f9270a-47 > .kt-row-column-wrap{column-gap:var(--global-kb-gap-md, 2rem);row-gap:var(--global-kb-gap-md, 2rem);max-width:var( --global-content-width, 1290px );padding-left:var(--global-content-edge-padding);padding-right:var(--global-content-edge-padding);padding-top:var(--global-kb-spacing-sm, 1.5rem);grid-template-columns:minmax(0, 1fr);}.kb-row-layout-id21_f9270a-47 > .kt-row-layout-overlay{opacity:0.30;}@media all and (max-width: 1024px){.kb-row-layout-id21_f9270a-47 > .kt-row-column-wrap{grid-template-columns:minmax(0, 1fr);}}@media all and (max-width: 767px){.kb-row-layout-id21_f9270a-47 > .kt-row-column-wrap{grid-template-columns:minmax(0, 1fr);}}<\/style><div class=\"kb-row-layout-wrap kb-row-layout-id21_f9270a-47 alignnone has-theme-palette7-background-color kt-row-has-bg wp-block-kadence-rowlayout\"><div class=\"kt-row-column-wrap kt-has-1-columns kt-row-layout-equal kt-tab-layout-inherit kt-mobile-layout-row kt-row-valign-top kb-theme-content-width\">\n<style>.kadence-column21_b7f5bd-54 > .kt-inside-inner-col,.kadence-column21_b7f5bd-54 > .kt-inside-inner-col:before{border-top-left-radius:0px;border-top-right-radius:0px;border-bottom-right-radius:0px;border-bottom-left-radius:0px;}.kadence-column21_b7f5bd-54 > .kt-inside-inner-col{column-gap:var(--global-kb-gap-sm, 1rem);}.kadence-column21_b7f5bd-54 > .kt-inside-inner-col{flex-direction:column;}.kadence-column21_b7f5bd-54 > .kt-inside-inner-col > .aligncenter{width:100%;}.kadence-column21_b7f5bd-54 > .kt-inside-inner-col:before{opacity:0.3;}.kadence-column21_b7f5bd-54{position:relative;}@media all and (max-width: 1024px){.kadence-column21_b7f5bd-54 > .kt-inside-inner-col{flex-direction:column;justify-content:center;}}@media all and (max-width: 767px){.kadence-column21_b7f5bd-54 > .kt-inside-inner-col{flex-direction:column;justify-content:center;}}<\/style>\n<div class=\"wp-block-kadence-column kadence-column21_b7f5bd-54\"><div class=\"kt-inside-inner-col\"><\/div><\/div>\n\n<\/div><\/div>\n\n<style>.kb-row-layout-id21_0c0d4a-96 > .kt-row-column-wrap{align-content:start;}:where(.kb-row-layout-id21_0c0d4a-96 > .kt-row-column-wrap) > .wp-block-kadence-column{justify-content:start;}.kb-row-layout-id21_0c0d4a-96 > .kt-row-column-wrap{column-gap:var(--global-kb-gap-md, 2rem);row-gap:var(--global-kb-gap-md, 2rem);padding-top:var(--global-kb-spacing-sm, 1.5rem);padding-bottom:var(--global-kb-spacing-sm, 1.5rem);grid-template-columns:minmax(0, 1fr);}.kb-row-layout-id21_0c0d4a-96 > .kt-row-layout-overlay{opacity:0.30;}@media all and (max-width: 1024px){.kb-row-layout-id21_0c0d4a-96 > .kt-row-column-wrap{grid-template-columns:minmax(0, 1fr);}}@media all and (max-width: 767px){.kb-row-layout-id21_0c0d4a-96 > .kt-row-column-wrap{grid-template-columns:minmax(0, 1fr);}}<\/style><div class=\"kb-row-layout-wrap kb-row-layout-id21_0c0d4a-96 alignnone wp-block-kadence-rowlayout\"><div class=\"kt-row-column-wrap kt-has-1-columns kt-row-layout-equal kt-tab-layout-inherit kt-mobile-layout-row kt-row-valign-top\">\n<style>.kadence-column21_266c26-68 > .kt-inside-inner-col,.kadence-column21_266c26-68 > .kt-inside-inner-col:before{border-top-left-radius:0px;border-top-right-radius:0px;border-bottom-right-radius:0px;border-bottom-left-radius:0px;}.kadence-column21_266c26-68 > .kt-inside-inner-col{column-gap:var(--global-kb-gap-sm, 1rem);}.kadence-column21_266c26-68 > .kt-inside-inner-col{flex-direction:column;}.kadence-column21_266c26-68 > .kt-inside-inner-col > .aligncenter{width:100%;}.kadence-column21_266c26-68 > .kt-inside-inner-col:before{opacity:0.3;}.kadence-column21_266c26-68{position:relative;}@media all and (max-width: 1024px){.kadence-column21_266c26-68 > .kt-inside-inner-col{flex-direction:column;justify-content:center;}}@media all and (max-width: 767px){.kadence-column21_266c26-68 > .kt-inside-inner-col{flex-direction:column;justify-content:center;}}<\/style>\n<div class=\"wp-block-kadence-column kadence-column21_266c26-68\"><div class=\"kt-inside-inner-col\">\n<p class=\"has-text-align-center has-kb-palette-1-color has-theme-palette-7-background-color has-text-color has-background has-link-color has-large-font-size wp-elements-74bac96f2de8b894853232f1ab79aa75\" style=\"padding-top:0;padding-right:0;padding-bottom:0;padding-left:0\">Une vid\u00e9o de nos diff\u00e9rentes activit\u00e9s<\/p>\n<\/div><\/div>\n\n<\/div><\/div>\n\n<style>.kb-row-layout-id21_b9c124-2e > .kt-row-column-wrap{align-content:start;}:where(.kb-row-layout-id21_b9c124-2e > .kt-row-column-wrap) > .wp-block-kadence-column{justify-content:start;}.kb-row-layout-id21_b9c124-2e > .kt-row-column-wrap{column-gap:var(--global-kb-gap-md, 2rem);row-gap:var(--global-kb-gap-md, 2rem);padding-top:var(--global-kb-spacing-sm, 1.5rem);padding-bottom:var(--global-kb-spacing-sm, 1.5rem);grid-template-columns:minmax(0, 1fr);}.kb-row-layout-id21_b9c124-2e > .kt-row-layout-overlay{opacity:0.30;}@media all and (max-width: 1024px){.kb-row-layout-id21_b9c124-2e > .kt-row-column-wrap{grid-template-columns:minmax(0, 1fr);}}@media all and (max-width: 767px){.kb-row-layout-id21_b9c124-2e > .kt-row-column-wrap{grid-template-columns:minmax(0, 1fr);}}<\/style><div class=\"kb-row-layout-wrap kb-row-layout-id21_b9c124-2e alignnone wp-block-kadence-rowlayout\"><div class=\"kt-row-column-wrap kt-has-1-columns kt-row-layout-equal kt-tab-layout-inherit kt-mobile-layout-row kt-row-valign-top\">\n<style>.kadence-column21_99a83c-33 > .kt-inside-inner-col,.kadence-column21_99a83c-33 > .kt-inside-inner-col:before{border-top-left-radius:0px;border-top-right-radius:0px;border-bottom-right-radius:0px;border-bottom-left-radius:0px;}.kadence-column21_99a83c-33 > .kt-inside-inner-col{column-gap:var(--global-kb-gap-sm, 1rem);}.kadence-column21_99a83c-33 > .kt-inside-inner-col{flex-direction:column;}.kadence-column21_99a83c-33 > .kt-inside-inner-col > .aligncenter{width:100%;}.kadence-column21_99a83c-33 > .kt-inside-inner-col:before{opacity:0.3;}.kadence-column21_99a83c-33{position:relative;}@media all and (max-width: 1024px){.kadence-column21_99a83c-33 > .kt-inside-inner-col{flex-direction:column;justify-content:center;}}@media all and (max-width: 767px){.kadence-column21_99a83c-33 > .kt-inside-inner-col{flex-direction:column;justify-content:center;}}<\/style>\n<div class=\"wp-block-kadence-column kadence-column21_99a83c-33\"><div class=\"kt-inside-inner-col\"><style>.kb-row-layout-id21_0d906d-a9 > .kt-row-column-wrap{align-content:start;}:where(.kb-row-layout-id21_0d906d-a9 > .kt-row-column-wrap) > .wp-block-kadence-column{justify-content:start;}.kb-row-layout-id21_0d906d-a9 > .kt-row-column-wrap{column-gap:var(--global-kb-gap-md, 2rem);row-gap:var(--global-kb-gap-md, 2rem);padding-top:var(--global-kb-spacing-sm, 1.5rem);padding-bottom:var(--global-kb-spacing-sm, 1.5rem);grid-template-columns:minmax(0, 1fr);}.kb-row-layout-id21_0d906d-a9 > .kt-row-layout-overlay{opacity:0.30;}@media all and (max-width: 1024px){.kb-row-layout-id21_0d906d-a9 > .kt-row-column-wrap{grid-template-columns:minmax(0, 1fr);}}@media all and (max-width: 767px){.kb-row-layout-id21_0d906d-a9 > .kt-row-column-wrap{grid-template-columns:minmax(0, 1fr);}}<\/style><div class=\"kb-row-layout-wrap kb-row-layout-id21_0d906d-a9 alignnone wp-block-kadence-rowlayout\"><div class=\"kt-row-column-wrap kt-has-1-columns kt-row-layout-equal kt-tab-layout-inherit kt-mobile-layout-row kt-row-valign-top\">\n<style>.kadence-column21_99f7a1-35 > .kt-inside-inner-col,.kadence-column21_99f7a1-35 > .kt-inside-inner-col:before{border-top-left-radius:0px;border-top-right-radius:0px;border-bottom-right-radius:0px;border-bottom-left-radius:0px;}.kadence-column21_99f7a1-35 > .kt-inside-inner-col{column-gap:var(--global-kb-gap-sm, 1rem);}.kadence-column21_99f7a1-35 > .kt-inside-inner-col{flex-direction:column;}.kadence-column21_99f7a1-35 > .kt-inside-inner-col > .aligncenter{width:100%;}.kadence-column21_99f7a1-35 > .kt-inside-inner-col:before{opacity:0.3;}.kadence-column21_99f7a1-35{position:relative;}@media all and (max-width: 1024px){.kadence-column21_99f7a1-35 > .kt-inside-inner-col{flex-direction:column;justify-content:center;}}@media all and (max-width: 767px){.kadence-column21_99f7a1-35 > .kt-inside-inner-col{flex-direction:column;justify-content:center;}}<\/style>\n<div class=\"wp-block-kadence-column kadence-column21_99f7a1-35\"><div class=\"kt-inside-inner-col\">\n<figure class=\"wp-block-video\"><video height=\"1080\" style=\"aspect-ratio: 1920 \/ 1080;\" width=\"1920\" controls src=\"http:\/\/clubphotomontargis.fr\/wp-content\/uploads\/2024\/03\/Le-clip-du-Club-3.mp4\"><\/video><\/figure>\n<\/div><\/div>\n\n<\/div><\/div><\/div><\/div>\n\n<\/div><\/div>\n\n\n<hr class=\"wp-block-separator has-text-color has-kb-palette-1-color has-alpha-channel-opacity has-kb-palette-1-background-color has-background is-style-wide\" style=\"margin-top:var(--wp--preset--spacing--40);margin-bottom:var(--wp--preset--spacing--40)\"\/>\n\n\n<style>.kb-row-layout-id21_901f94-af > .kt-row-column-wrap{align-content:start;}:where(.kb-row-layout-id21_901f94-af > .kt-row-column-wrap) > .wp-block-kadence-column{justify-content:start;}.kb-row-layout-id21_901f94-af > .kt-row-column-wrap{column-gap:var(--global-kb-gap-md, 2rem);row-gap:var(--global-kb-gap-md, 2rem);padding-top:var(--global-kb-spacing-sm, 1.5rem);padding-bottom:var(--global-kb-spacing-sm, 1.5rem);grid-template-columns:minmax(0, 1fr);}.kb-row-layout-id21_901f94-af > .kt-row-layout-overlay{opacity:0.30;}@media all and (max-width: 1024px){.kb-row-layout-id21_901f94-af > .kt-row-column-wrap{grid-template-columns:minmax(0, 1fr);}}@media all and (max-width: 767px){.kb-row-layout-id21_901f94-af > .kt-row-column-wrap{grid-template-columns:minmax(0, 1fr);}}<\/style><div class=\"kb-row-layout-wrap kb-row-layout-id21_901f94-af alignnone wp-block-kadence-rowlayout\"><div class=\"kt-row-column-wrap kt-has-1-columns kt-row-layout-equal kt-tab-layout-inherit kt-mobile-layout-row kt-row-valign-top\">\n<style>.kadence-column21_5f6878-d2 > .kt-inside-inner-col,.kadence-column21_5f6878-d2 > .kt-inside-inner-col:before{border-top-left-radius:0px;border-top-right-radius:0px;border-bottom-right-radius:0px;border-bottom-left-radius:0px;}.kadence-column21_5f6878-d2 > .kt-inside-inner-col{column-gap:var(--global-kb-gap-sm, 1rem);}.kadence-column21_5f6878-d2 > .kt-inside-inner-col{flex-direction:column;}.kadence-column21_5f6878-d2 > .kt-inside-inner-col > .aligncenter{width:100%;}.kadence-column21_5f6878-d2 > .kt-inside-inner-col:before{opacity:0.3;}.kadence-column21_5f6878-d2{position:relative;}@media all and (max-width: 1024px){.kadence-column21_5f6878-d2 > .kt-inside-inner-col{flex-direction:column;justify-content:center;}}@media all and (max-width: 767px){.kadence-column21_5f6878-d2 > .kt-inside-inner-col{flex-direction:column;justify-content:center;}}<\/style>\n<div class=\"wp-block-kadence-column kadence-column21_5f6878-d2\"><div class=\"kt-inside-inner-col\">\n<div class=\"wp-block-buttons is-layout-flex wp-block-buttons-is-layout-flex\">\n<div class=\"wp-block-button\"><a class=\"wp-block-button__link wp-element-button\">Nos r\u00e9unions <\/a><\/div>\n<\/div>\n\n\n\n<p class=\"has-text-align-center\"><strong>Le mardi de14h00 \u00e0 16h30 et&nbsp;<\/strong><strong>le jeudi de 18h00 \u00e0 20h00<\/strong><\/p>\n\n\n\n<p class=\"has-text-align-center\"><strong>Au centre Nelson Mandela<\/strong><\/p>\n\n\n\n<p class=\"has-text-align-center\"><strong>31 Avenue Louis Maurice Chautemps (1er \u00e9tage)<\/strong><\/p>\n\n\n\n<p class=\"has-text-align-center\"><strong>Montargis<\/strong><\/p>\n\n\n\n<p class=\"has-text-align-center\"><strong>L\u2019ambiance est conviviale<\/strong><\/p>\n\n\n\n<p class=\"has-text-align-center\"><strong>et bas\u00e9e sur l\u2019\u00e9change de connaissances \u2026<\/strong><\/p>\n\n\n\n<p class=\"has-text-align-center\"><strong>&nbsp;Venez nous rejoindre, vous y serez bienvenus\u2026!!!<\/strong><\/p>\n<\/div><\/div>\n\n\n<style>.kadence-column21_5648c4-b8 > .kt-inside-inner-col,.kadence-column21_5648c4-b8 > .kt-inside-inner-col:before{border-top-left-radius:0px;border-top-right-radius:0px;border-bottom-right-radius:0px;border-bottom-left-radius:0px;}.kadence-column21_5648c4-b8 > .kt-inside-inner-col{column-gap:var(--global-kb-gap-sm, 1rem);}.kadence-column21_5648c4-b8 > .kt-inside-inner-col{flex-direction:column;}.kadence-column21_5648c4-b8 > .kt-inside-inner-col > .aligncenter{width:100%;}.kadence-column21_5648c4-b8 > .kt-inside-inner-col:before{opacity:0.3;}.kadence-column21_5648c4-b8{position:relative;}@media all and (max-width: 1024px){.kadence-column21_5648c4-b8 > .kt-inside-inner-col{flex-direction:column;justify-content:center;}}@media all and (max-width: 767px){.kadence-column21_5648c4-b8 > .kt-inside-inner-col{flex-direction:column;justify-content:center;}}<\/style>\n<div class=\"wp-block-kadence-column kadence-column21_5648c4-b8\"><div class=\"kt-inside-inner-col\"><style>.kb-google-maps-container21_a112da-f5{height:450px;}<\/style><div class=\"kb-google-maps-container kb-google-maps-container21_a112da-f5  wp-block-kadence-googlemaps\" data-mapid=\"21_a112daf5\"><iframe width=\"100%\" height=\"100%\"\n\t\t\t\t\t\t\tstyle=\"border:0\" loading=\"lazy\"\n\t\t\t\t\t\t\tsrc=\"https:\/\/www.google.com\/maps\/embed\/v1\/place?key=AIzaSyBAM2o7PiQqwk15LC1XRH2e_KJ-jUa7KYk&#038;zoom=16&#038;maptype=roadmap&#038;q=31+Avenue+Louis+Maurice+Chautemps+45200+montargis\"\n\t\t\t\t\t\t\ttitle=\"Carte Google de 31 Avenue Louis Maurice Chautemps 45200 montargis\"><\/iframe><\/div><script>function kb_google_map21_a112daf5() { let center = { lat: 37.8201, lng: -122.4781}; let map = new google.maps.Map(document.getElementById(\"kb-google-map21_a112daf5\"), {\n\t\t\t\t\t    zoom: 16,\n\t\t\t\t\t    center: center,});let marker = new google.maps.Marker({   position: { lat: 37.8201, lng: -122.4781},    map: map,  });}<\/script><\/div><\/div>\n\n<\/div><\/div>","protected":false},"excerpt":{"rendered":"<p>Club photo de Montargis Les th\u00e8mes des concours internes pour l\u2019ann\u00e9e 2026 sont les suivants\u00a0: Une vid\u00e9o de nos diff\u00e9rentes activit\u00e9s Le mardi de14h00 \u00e0 16h30 et&nbsp;le jeudi de 18h00 \u00e0 20h00 Au centre Nelson Mandela 31 Avenue Louis Maurice Chautemps (1er \u00e9tage) Montargis L\u2019ambiance est conviviale et bas\u00e9e sur l\u2019\u00e9change de connaissances \u2026 &nbsp;Venez&#8230;<\/p>\n","protected":false},"author":1,"featured_media":0,"parent":0,"menu_order":0,"comment_status":"closed","ping_status":"closed","template":"","meta":{"_kad_post_transparent":"","_kad_post_title":"","_kad_post_layout":"default","_kad_post_sidebar_id":"","_kad_post_content_style":"","_kad_post_vertical_padding":"","_kad_post_feature":"","_kad_post_feature_position":"","_kad_post_header":false,"_kad_post_footer":false,"_kad_post_classname":"","footnotes":""},"class_list":["post-21","page","type-page","status-publish","hentry"],"_links":{"self":[{"href":"https:\/\/clubphotomontargis.fr\/index.php?rest_route=\/wp\/v2\/pages\/21","targetHints":{"allow":["GET"]}}],"collection":[{"href":"https:\/\/clubphotomontargis.fr\/index.php?rest_route=\/wp\/v2\/pages"}],"about":[{"href":"https:\/\/clubphotomontargis.fr\/index.php?rest_route=\/wp\/v2\/types\/page"}],"author":[{"embeddable":true,"href":"https:\/\/clubphotomontargis.fr\/index.php?rest_route=\/wp\/v2\/users\/1"}],"replies":[{"embeddable":true,"href":"https:\/\/clubphotomontargis.fr\/index.php?rest_route=%2Fwp%2Fv2%2Fcomments&post=21"}],"version-history":[{"count":90,"href":"https:\/\/clubphotomontargis.fr\/index.php?rest_route=\/wp\/v2\/pages\/21\/revisions"}],"predecessor-version":[{"id":3150,"href":"https:\/\/clubphotomontargis.fr\/index.php?rest_route=\/wp\/v2\/pages\/21\/revisions\/3150"}],"wp:attachment":[{"href":"https:\/\/clubphotomontargis.fr\/index.php?rest_route=%2Fwp%2Fv2%2Fmedia&parent=21"}],"curies":[{"name":"wp","href":"https:\/\/api.w.org\/{rel}","templated":true}]}}