{"id":441,"date":"2024-03-04T10:28:42","date_gmt":"2024-03-04T09:28:42","guid":{"rendered":"https:\/\/clubphotomontargis.fr\/?page_id=441"},"modified":"2024-04-15T17:31:55","modified_gmt":"2024-04-15T15:31:55","slug":"foire-aux-questions","status":"publish","type":"page","link":"https:\/\/clubphotomontargis.fr\/?page_id=441","title":{"rendered":"Foire aux questions"},"content":{"rendered":"<style>.kadence-column441_6e032a-35 > .kt-inside-inner-col,.kadence-column441_6e032a-35 > .kt-inside-inner-col:before{border-top-left-radius:0px;border-top-right-radius:0px;border-bottom-right-radius:0px;border-bottom-left-radius:0px;}.kadence-column441_6e032a-35 > .kt-inside-inner-col{column-gap:var(--global-kb-gap-sm, 1rem);}.kadence-column441_6e032a-35 > .kt-inside-inner-col{flex-direction:column;}.kadence-column441_6e032a-35 > .kt-inside-inner-col > .aligncenter{width:100%;}.kadence-column441_6e032a-35 > .kt-inside-inner-col:before{opacity:0.3;}.kadence-column441_6e032a-35{position:relative;}@media all and (max-width: 1024px){.kadence-column441_6e032a-35 > .kt-inside-inner-col{flex-direction:column;justify-content:center;}}@media all and (max-width: 767px){.kadence-column441_6e032a-35 > .kt-inside-inner-col{flex-direction:column;justify-content:center;}}<\/style>\n<div class=\"wp-block-kadence-column kadence-column441_6e032a-35\"><div class=\"kt-inside-inner-col\">\n<p class=\"has-text-align-center has-kb-palette-1-color has-theme-palette-8-background-color has-text-color has-background has-link-color has-medium-font-size wp-elements-7f08f6551718ac46e57ae895d3e3c19c\">Foire aux questions<\/p>\n<\/div><\/div>\n\n\n\n<p><strong>F.A.Q<\/strong><\/p>\n\n\n\n<p><\/p>\n\n\n\n<p><strong><u>M\u2019apprendrez-vous \u00e0 me servir de mon appareil photo ?<\/u><\/strong><\/p>\n\n\n\n<p>Nous proposons avant tout des conseils pour am\u00e9liorer la mani\u00e8re de prendre tel ou tel sujet, en fonction des images qu\u2019apportent les membres. Nous faisons des sessions sur un point pr\u00e9cis des techniques de l\u2019appareil photo, mais pas de cours \u00e0 proprement parler.<\/p>\n\n\n\n<p><strong><u>Puis-je utiliser le studio \u00e0 titre personnel ?<\/u><\/strong><\/p>\n\n\n\n<p>Nous demandons d\u2019abord aux nouveaux membres de suivre plusieurs soir\u00e9es sur le maniement du mat\u00e9riel du studio, ainsi que de participer \u00e0 plusieurs ateliers studio, afin que le mat\u00e9riel soit manipul\u00e9 correctement et reste en bon \u00e9tat pour tout le monde.<br>Les photos r\u00e9alis\u00e9es avec le mat\u00e9riel du club ne doivent \u00eatre utilis\u00e9es qu\u2019\u00e0 des fins non lucratives. Elles ne doivent pas faire l\u2019objet d\u2019une commande commerciale, et il ne doit pas y avoir de facturation des photos aux mod\u00e8les de la part des photographes.<br>Nous demandons aussi aux membres de pr\u00e9senter de fa\u00e7on r\u00e9guli\u00e8re les photos r\u00e9alis\u00e9es avec le mat\u00e9riel du club.<\/p>\n\n\n\n<p><strong><u>Puis-je imprimer mes photos au club ?<\/u><\/strong><\/p>\n\n\n\n<p>Oui, vous pouvez sortir des photos jusqu\u2019au A2. Nous demandons juste aux membres de payer l\u2019encre et le papier. Vous serez accompagn\u00e9 par un des responsables de l\u2019imprimante afin de vous en servir au mieux.<\/p>\n\n\n\n<p><strong><u>\u00cates-vous abonn\u00e9s \u00e0 des revues ?<\/u><\/strong><\/p>\n\n\n\n<p>Oui, nous sommes abonn\u00e9s \u00e0 \u201cFrance Photographie\u201d. Les membres du club peuvent emprunter les magazines.<\/p>\n\n\n\n<p><strong><u>Que sont les concours de la F\u00e9d\u00e9ration Photographique de France ?<\/u><\/strong><\/p>\n\n\n\n<p>Il s\u2019agit de concours photographiques ouverts aux clubs et membres affili\u00e9s.Le principe consiste \u00e0 envoyer une s\u00e9lection des meilleures photos produites par les membres du club. Ces photos sont jug\u00e9es par rapport \u00e0 d\u2019autres photos d\u2019autres clubs. Un classement des meilleures photos et des meilleurs clubs est ensuite \u00e9tabli.<\/p>\n","protected":false},"excerpt":{"rendered":"<p>Foire aux questions F.A.Q M\u2019apprendrez-vous \u00e0 me servir de mon appareil photo ? Nous proposons avant tout des conseils pour am\u00e9liorer la mani\u00e8re de prendre tel ou tel sujet, en fonction des images qu\u2019apportent les membres. Nous faisons des sessions sur un point pr\u00e9cis des techniques de l\u2019appareil photo, mais pas de cours \u00e0 proprement&#8230;<\/p>\n","protected":false},"author":1,"featured_media":0,"parent":0,"menu_order":0,"comment_status":"closed","ping_status":"closed","template":"","meta":{"_kad_post_transparent":"","_kad_post_title":"","_kad_post_layout":"","_kad_post_sidebar_id":"","_kad_post_content_style":"","_kad_post_vertical_padding":"","_kad_post_feature":"","_kad_post_feature_position":"","_kad_post_header":false,"_kad_post_footer":false,"_kad_post_classname":"","footnotes":""},"class_list":["post-441","page","type-page","status-publish","hentry"],"_links":{"self":[{"href":"https:\/\/clubphotomontargis.fr\/index.php?rest_route=\/wp\/v2\/pages\/441","targetHints":{"allow":["GET"]}}],"collection":[{"href":"https:\/\/clubphotomontargis.fr\/index.php?rest_route=\/wp\/v2\/pages"}],"about":[{"href":"https:\/\/clubphotomontargis.fr\/index.php?rest_route=\/wp\/v2\/types\/page"}],"author":[{"embeddable":true,"href":"https:\/\/clubphotomontargis.fr\/index.php?rest_route=\/wp\/v2\/users\/1"}],"replies":[{"embeddable":true,"href":"https:\/\/clubphotomontargis.fr\/index.php?rest_route=%2Fwp%2Fv2%2Fcomments&post=441"}],"version-history":[{"count":5,"href":"https:\/\/clubphotomontargis.fr\/index.php?rest_route=\/wp\/v2\/pages\/441\/revisions"}],"predecessor-version":[{"id":1803,"href":"https:\/\/clubphotomontargis.fr\/index.php?rest_route=\/wp\/v2\/pages\/441\/revisions\/1803"}],"wp:attachment":[{"href":"https:\/\/clubphotomontargis.fr\/index.php?rest_route=%2Fwp%2Fv2%2Fmedia&parent=441"}],"curies":[{"name":"wp","href":"https:\/\/api.w.org\/{rel}","templated":true}]}}